{"id":410,"date":"2013-05-31T23:33:41","date_gmt":"2013-05-31T21:33:41","guid":{"rendered":"http:\/\/pizzeria-santa-lucia-schlangenbad.de\/wp\/?page_id=410"},"modified":"2013-05-31T23:33:59","modified_gmt":"2013-05-31T21:33:59","slug":"impressum","status":"publish","type":"page","link":"http:\/\/www.pizzeria-santa-lucia-schlangenbad.de\/index.php\/impressum\/","title":{"rendered":"Impressum"},"content":{"rendered":"<p><strong>Verantwortlich:<\/strong><\/p>\n<p>Santa Lucia Pizzeria to go<br \/>\nLidio Lega<br \/>\nM\u00fchlstra\u00dfe 9<br \/>\n65388 Schlangenbad<\/p>\n<p><strong>Kontakt:<\/strong><br \/>\nTelefon: 06129-8801<br \/>\nE-Mail: info@pizzeria-santa-lucia-schlangenbad.de<\/p>\n<p><strong>Umsatzsteuer-ID<\/strong><br \/>\nUmsatzsteuer-Identifikationsnummer:<br \/>\n0484100989<\/p>\n<p><strong>Registergericht:<\/strong> Amtsgericht Limburg an der Lahn<br \/>\n<strong>Registernummer:<\/strong> HRB 5001<\/p>\n<div>\n<h3>Haftungsausschluss<\/h3>\n<h4>Haftung f\u00fcr Inhalte<\/h4>\n<p>Die Inhalte unserer Seiten wurde mit gr\u00f6\u00dfter Sorgfalt erstellt. F\u00fcr die Richtigkeit, Vollst\u00e4ndigkeit und Aktualit\u00e4t der Inhalte k\u00f6nnen wir jedoch keine Gew\u00e4hr \u00fcbernehmen.<\/p>\n<p>Als Diensteanbieter sind wir gem\u00e4\u00df \u00a7 7 Abs.1 TMG f\u00fcr eigene Inhalte auf diesen Seiten nach den allgemeinen Gesetzen verantwortlich. Nach \u00a7\u00a7 8 bis 10 TMG sind wir als Diensteanbieter jedoch nicht verp\ufb02ichtet, \u00fcbermittelte oder gespeicherte fremde Informationen zu \u00fcberwachen oder nach Umst\u00e4nden zu forschen, die auf eine rechtswidrige T\u00e4tigkeit hinweisen. Verp\ufb02ichtungen zur Entfernung oder Sperrung der Nutzung von Informationen nach den allgemeinen Gesetzen bleiben hiervon unber\u00fchrt. Eine diesbez\u00fcgliche Haftung ist jedoch erst ab dem Zeitpunkt der Kenntnis einer konkreten Rechtsverletzung m\u00f6glich. Bei bekannt werden von entsprechenden Rechtsverletzungen werden wir diese Inhalte umgehend entfernen.<\/p>\n<h4>Haftung f\u00fcr Links<\/h4>\n<p>Unser Angebot enth\u00e4lt Links zu externen Webseiten Dritter, auf deren Inhalte wir keinen Ein\ufb02uss haben. Deshalb k\u00f6nnen wir f\u00fcr diese fremden Inhalte auch keine Gew\u00e4hr \u00fcbernehmen. F\u00fcr die Inhalte der verlinkten Seiten ist stets der jeweilige Anbieter oder Betreiber der Seiten verantwortlich. Die verlinkten Seiten wurden zum Zeitpunkt der Verlinkung auf m\u00f6gliche Rechtsverst\u00f6\u00dfe \u00fcberpr\u00fcft. Rechtswidrige Inhalte waren zum Zeitpunkt der Verlinkung nicht erkennbar. Eine permanente inhaltliche Kontrolle der verlinkten Seiten ist jedoch ohne konkrete Anhaltspunkte einer Rechtsverletzung nicht zumutbar. Bei Bekanntwerden von Rechtsverletzungen werden wir derartige Links umgehend entfernen.<\/p>\n<h4>Datenschutz<\/h4>\n<p>Die Nutzung unserer Webseite ist in der Regel ohne Angabe personenbezogener Daten m\u00f6glich. Soweit auf unseren Seiten personenbezogene Daten (beispielsweise Name, Anschrift oder eMail-Adressen) erhoben werden, erfolgt dies, soweit m\u00f6glich, stets auf\u00a0freiwilliger Basis. Diese Daten werden ohne Ihre ausdr\u00fcckliche Zustimmung nicht an Dritte weitergegeben.<\/p>\n<p>Wir weisen darauf hin, dass die Daten\u00fcbertragung im Internet (z.B. bei der Kommunikation per E-Mail) Sicherheitsl\u00fccken aufweisen kann. Ein l\u00fcckenloser Schutz der Daten vor dem Zugriff durch Dritte ist nicht m\u00f6glich.<\/p>\n<p>Der Nutzung von im Rahmen der Impressumsp\ufb02icht ver\u00f6ffentlichten Kontaktdaten durch Dritte zur \u00dcbersendung von nicht ausdr\u00fccklich angeforderter Werbung und Informationsmaterialien wird hiermit ausdr\u00fccklich widersprochen. Die Betreiber der Seiten behalten sich ausdr\u00fccklich rechtliche Schritte im Falle der unverlangten Zusendung von Werbeinformationen, etwa durch Spam-Mails, vor.<\/p>\n<h4>Urheberrecht<\/h4>\n<p>Die durch die Seitenbetreiber erstellten Inhalte und Werke auf diesen Seiten unterliegen dem deutschen Urheberrecht. Die Vervielf\u00e4ltigung, Bearbeitung, Verbreitung und jede Art der Verwertung au\u00dferhalb der Grenzen des Urheberrechtes bed\u00fcrfen der schriftlichen Zustimmung des jeweiligen Autors bzw. Erstellers. Downloads und Kopien dieser Seiten sind nur f\u00fcr den privaten, nicht kommerziellen Gebrauch gestattet. Soweit die Inhalte auf dieser Seite nicht vom Betreiber erstellt wurden, werden die Urheberrechte Dritter beachtet. Insbesondere werden Inhalte Dritter als solche gekennzeichnet. Sollten Sie trotzdem auf eine Urheberrechtsverletzung aufmerksam werden, bitten wir um einen entsprechenden Hinweis. Bei Bekanntwerden von Rechtsverletzungen werden wir derartige Inhalte umgehend entfernen.<\/p>\n<\/div>\n<p>&nbsp;<\/p>\n","protected":false},"excerpt":{"rendered":"<p>Verantwortlich: Santa Lucia Pizzeria to go Lidio Lega M\u00fchlstra\u00dfe 9 65388 Schlangenbad Kontakt: Telefon: 06129-8801 E-Mail: info@pizzeria-santa-lucia-schlangenbad.de Umsatzsteuer-ID Umsatzsteuer-Identifikationsnummer: 0484100989 Registergericht: Amtsgericht Limburg an der Lahn Registernummer: HRB 5001 Haftungsausschluss Haftung f\u00fcr Inhalte Die Inhalte unserer Seiten wurde mit gr\u00f6\u00dfter Sorgfalt erstellt. F\u00fcr die Richtigkeit, Vollst\u00e4ndigkeit und Aktualit\u00e4t der Inhalte k\u00f6nnen wir jedoch keine Gew\u00e4hr \u00fcbernehmen. Als Diensteanbieter sind wir &#8230;<\/p>\n","protected":false},"author":2,"featured_media":0,"parent":0,"menu_order":0,"comment_status":"open","ping_status":"open","template":"page-full.php","meta":{"footnotes":""},"class_list":["post-410","page","type-page","status-publish","hentry"],"yoast_head":"<!-- This site is optimized with the Yoast SEO plugin v25.7 - https:\/\/yoast.com\/wordpress\/plugins\/seo\/ -->\n<title>Impressum - Pizzeria Santa Lucia in Schlangebad - Pizza Pasta Salate<\/title>\n<meta name=\"robots\" content=\"index, follow, max-snippet:-1, max-image-preview:large, max-video-preview:-1\" \/>\n<link rel=\"canonical\" href=\"http:\/\/www.pizzeria-santa-lucia-schlangenbad.de\/index.php\/impressum\/\" \/>\n<meta property=\"og:locale\" content=\"de_DE\" \/>\n<meta property=\"og:type\" content=\"article\" \/>\n<meta property=\"og:title\" content=\"Impressum - Pizzeria Santa Lucia in Schlangebad - Pizza Pasta Salate\" \/>\n<meta property=\"og:description\" content=\"Verantwortlich: Santa Lucia Pizzeria to go Lidio Lega M\u00fchlstra\u00dfe 9 65388 Schlangenbad Kontakt: Telefon: 06129-8801 E-Mail: info@pizzeria-santa-lucia-schlangenbad.de Umsatzsteuer-ID Umsatzsteuer-Identifikationsnummer: 0484100989 Registergericht: Amtsgericht Limburg an der Lahn Registernummer: HRB 5001 Haftungsausschluss Haftung f\u00fcr Inhalte Die Inhalte unserer Seiten wurde mit gr\u00f6\u00dfter Sorgfalt erstellt. F\u00fcr die Richtigkeit, Vollst\u00e4ndigkeit und Aktualit\u00e4t der Inhalte k\u00f6nnen wir jedoch keine Gew\u00e4hr \u00fcbernehmen. Als Diensteanbieter sind wir ...\" \/>\n<meta property=\"og:url\" content=\"http:\/\/www.pizzeria-santa-lucia-schlangenbad.de\/index.php\/impressum\/\" \/>\n<meta property=\"og:site_name\" content=\"Pizzeria Santa Lucia in Schlangebad - Pizza Pasta Salate\" \/>\n<meta property=\"article:modified_time\" content=\"2013-05-31T21:33:59+00:00\" \/>\n<meta name=\"twitter:label1\" content=\"Gesch\u00e4tzte Lesezeit\" \/>\n\t<meta name=\"twitter:data1\" content=\"3\u00a0Minuten\" \/>\n<script type=\"application\/ld+json\" class=\"yoast-schema-graph\">{\"@context\":\"https:\/\/schema.org\",\"@graph\":[{\"@type\":\"WebPage\",\"@id\":\"http:\/\/www.pizzeria-santa-lucia-schlangenbad.de\/index.php\/impressum\/\",\"url\":\"http:\/\/www.pizzeria-santa-lucia-schlangenbad.de\/index.php\/impressum\/\",\"name\":\"Impressum - Pizzeria Santa Lucia in Schlangebad - Pizza Pasta Salate\",\"isPartOf\":{\"@id\":\"http:\/\/www.pizzeria-santa-lucia-schlangenbad.de\/#website\"},\"datePublished\":\"2013-05-31T21:33:41+00:00\",\"dateModified\":\"2013-05-31T21:33:59+00:00\",\"inLanguage\":\"de\",\"potentialAction\":[{\"@type\":\"ReadAction\",\"target\":[\"http:\/\/www.pizzeria-santa-lucia-schlangenbad.de\/index.php\/impressum\/\"]}]},{\"@type\":\"WebSite\",\"@id\":\"http:\/\/www.pizzeria-santa-lucia-schlangenbad.de\/#website\",\"url\":\"http:\/\/www.pizzeria-santa-lucia-schlangenbad.de\/\",\"name\":\"Pizzeria Santa Lucia in Schlangebad - Pizza Pasta Salate\",\"description\":\"\",\"potentialAction\":[{\"@type\":\"SearchAction\",\"target\":{\"@type\":\"EntryPoint\",\"urlTemplate\":\"http:\/\/www.pizzeria-santa-lucia-schlangenbad.de\/?s={search_term_string}\"},\"query-input\":{\"@type\":\"PropertyValueSpecification\",\"valueRequired\":true,\"valueName\":\"search_term_string\"}}],\"inLanguage\":\"de\"}]}<\/script>\n<!-- \/ Yoast SEO plugin. -->","yoast_head_json":{"title":"Impressum - Pizzeria Santa Lucia in Schlangebad - Pizza Pasta Salate","robots":{"index":"index","follow":"follow","max-snippet":"max-snippet:-1","max-image-preview":"max-image-preview:large","max-video-preview":"max-video-preview:-1"},"canonical":"http:\/\/www.pizzeria-santa-lucia-schlangenbad.de\/index.php\/impressum\/","og_locale":"de_DE","og_type":"article","og_title":"Impressum - Pizzeria Santa Lucia in Schlangebad - Pizza Pasta Salate","og_description":"Verantwortlich: Santa Lucia Pizzeria to go Lidio Lega M\u00fchlstra\u00dfe 9 65388 Schlangenbad Kontakt: Telefon: 06129-8801 E-Mail: info@pizzeria-santa-lucia-schlangenbad.de Umsatzsteuer-ID Umsatzsteuer-Identifikationsnummer: 0484100989 Registergericht: Amtsgericht Limburg an der Lahn Registernummer: HRB 5001 Haftungsausschluss Haftung f\u00fcr Inhalte Die Inhalte unserer Seiten wurde mit gr\u00f6\u00dfter Sorgfalt erstellt. F\u00fcr die Richtigkeit, Vollst\u00e4ndigkeit und Aktualit\u00e4t der Inhalte k\u00f6nnen wir jedoch keine Gew\u00e4hr \u00fcbernehmen. Als Diensteanbieter sind wir ...","og_url":"http:\/\/www.pizzeria-santa-lucia-schlangenbad.de\/index.php\/impressum\/","og_site_name":"Pizzeria Santa Lucia in Schlangebad - Pizza Pasta Salate","article_modified_time":"2013-05-31T21:33:59+00:00","twitter_misc":{"Gesch\u00e4tzte Lesezeit":"3\u00a0Minuten"},"schema":{"@context":"https:\/\/schema.org","@graph":[{"@type":"WebPage","@id":"http:\/\/www.pizzeria-santa-lucia-schlangenbad.de\/index.php\/impressum\/","url":"http:\/\/www.pizzeria-santa-lucia-schlangenbad.de\/index.php\/impressum\/","name":"Impressum - Pizzeria Santa Lucia in Schlangebad - Pizza Pasta Salate","isPartOf":{"@id":"http:\/\/www.pizzeria-santa-lucia-schlangenbad.de\/#website"},"datePublished":"2013-05-31T21:33:41+00:00","dateModified":"2013-05-31T21:33:59+00:00","inLanguage":"de","potentialAction":[{"@type":"ReadAction","target":["http:\/\/www.pizzeria-santa-lucia-schlangenbad.de\/index.php\/impressum\/"]}]},{"@type":"WebSite","@id":"http:\/\/www.pizzeria-santa-lucia-schlangenbad.de\/#website","url":"http:\/\/www.pizzeria-santa-lucia-schlangenbad.de\/","name":"Pizzeria Santa Lucia in Schlangebad - Pizza Pasta Salate","description":"","potentialAction":[{"@type":"SearchAction","target":{"@type":"EntryPoint","urlTemplate":"http:\/\/www.pizzeria-santa-lucia-schlangenbad.de\/?s={search_term_string}"},"query-input":{"@type":"PropertyValueSpecification","valueRequired":true,"valueName":"search_term_string"}}],"inLanguage":"de"}]}},"_links":{"self":[{"href":"http:\/\/www.pizzeria-santa-lucia-schlangenbad.de\/index.php\/wp-json\/wp\/v2\/pages\/410","targetHints":{"allow":["GET"]}}],"collection":[{"href":"http:\/\/www.pizzeria-santa-lucia-schlangenbad.de\/index.php\/wp-json\/wp\/v2\/pages"}],"about":[{"href":"http:\/\/www.pizzeria-santa-lucia-schlangenbad.de\/index.php\/wp-json\/wp\/v2\/types\/page"}],"author":[{"embeddable":true,"href":"http:\/\/www.pizzeria-santa-lucia-schlangenbad.de\/index.php\/wp-json\/wp\/v2\/users\/2"}],"replies":[{"embeddable":true,"href":"http:\/\/www.pizzeria-santa-lucia-schlangenbad.de\/index.php\/wp-json\/wp\/v2\/comments?post=410"}],"version-history":[{"count":4,"href":"http:\/\/www.pizzeria-santa-lucia-schlangenbad.de\/index.php\/wp-json\/wp\/v2\/pages\/410\/revisions"}],"predecessor-version":[{"id":435,"href":"http:\/\/www.pizzeria-santa-lucia-schlangenbad.de\/index.php\/wp-json\/wp\/v2\/pages\/410\/revisions\/435"}],"wp:attachment":[{"href":"http:\/\/www.pizzeria-santa-lucia-schlangenbad.de\/index.php\/wp-json\/wp\/v2\/media?parent=410"}],"curies":[{"name":"wp","href":"https:\/\/api.w.org\/{rel}","templated":true}]}}